{"id":10,"date":"2022-01-24T18:06:45","date_gmt":"2022-01-24T16:06:45","guid":{"rendered":"http:\/\/artemagazine.com\/?page_id=10"},"modified":"2023-09-05T18:45:20","modified_gmt":"2023-09-05T16:45:20","slug":"contacteu","status":"publish","type":"page","link":"https:\/\/artemagazine.com\/index.php\/contacteu\/","title":{"rendered":"Contacteu"},"content":{"rendered":"\n<p>El contacte \u00e9s important, diuen. Per aix\u00f2 nosaltres <strong>des del 1999<\/strong> fem que els nostres clients siguin contactats pels diferents canals, XXSS, Web 2.0 &amp; 3.0,  NFT&#8217;s, mail, etc. Vols ser un client nostre? Doncs contacta!!<a href=\"mailto:info@artemagazine.com\">  >>Aqu\u00ed&lt;&lt;<\/a><\/p>\n\n\n\n<p>Per cert\u2026 podr\u00edem posar una llista amb els nostres clients m\u00e9s\u2026 importants?, darrers treballs realitzats?, clients satisfets? <\/p>\n\n\n\n<p>El client m\u00e9s important pot ser tu, el darrer treball fet ser\u00e0 el teu, i s\u00ed!, el proper client satisfet com no!, ets tu!<\/p>\n\n\n\n<p>Pots visitar un dels nostres Partners, com pot ser <a href=\"http:\/\/www.pho2rent.com\" target=\"_blank\" rel=\"noopener\" title=\"\">PHO2RENT<\/a> <\/p>\n","protected":false},"excerpt":{"rendered":"<p>El contacte \u00e9s important, diuen. Per aix\u00f2 nosaltres des del 1999 fem que els nostres clients siguin contactats pels diferents canals, XXSS, Web 2.0 &amp; 3.0, NFT&#8217;s, mail, etc. Vols ser un client nostre? Doncs contacta!! >>Aqu\u00ed&lt;&lt; Per cert\u2026 podr\u00edem posar una llista amb els nostres clients m\u00e9s\u2026 importants?, darrers treballs realitzats?, clients satisfets? El &hellip; <\/p>\n<p class=\"link-more\"><a href=\"https:\/\/artemagazine.com\/index.php\/contacteu\/\" class=\"more-link\">Continue reading<span class=\"screen-reader-text\"> &#8220;Contacteu&#8221;<\/span><\/a><\/p>\n","protected":false},"author":1,"featured_media":61,"parent":0,"menu_order":0,"comment_status":"closed","ping_status":"closed","template":"","meta":{"om_disable_all_campaigns":false,"_monsterinsights_skip_tracking":false,"_monsterinsights_sitenote_active":false,"_monsterinsights_sitenote_note":"","_monsterinsights_sitenote_category":0,"footnotes":""},"aioseo_notices":[],"_links":{"self":[{"href":"https:\/\/artemagazine.com\/index.php\/wp-json\/wp\/v2\/pages\/10"}],"collection":[{"href":"https:\/\/artemagazine.com\/index.php\/wp-json\/wp\/v2\/pages"}],"about":[{"href":"https:\/\/artemagazine.com\/index.php\/wp-json\/wp\/v2\/types\/page"}],"author":[{"embeddable":true,"href":"https:\/\/artemagazine.com\/index.php\/wp-json\/wp\/v2\/users\/1"}],"replies":[{"embeddable":true,"href":"https:\/\/artemagazine.com\/index.php\/wp-json\/wp\/v2\/comments?post=10"}],"version-history":[{"count":7,"href":"https:\/\/artemagazine.com\/index.php\/wp-json\/wp\/v2\/pages\/10\/revisions"}],"predecessor-version":[{"id":93,"href":"https:\/\/artemagazine.com\/index.php\/wp-json\/wp\/v2\/pages\/10\/revisions\/93"}],"wp:featuredmedia":[{"embeddable":true,"href":"https:\/\/artemagazine.com\/index.php\/wp-json\/wp\/v2\/media\/61"}],"wp:attachment":[{"href":"https:\/\/artemagazine.com\/index.php\/wp-json\/wp\/v2\/media?parent=10"}],"curies":[{"name":"wp","href":"https:\/\/api.w.org\/{rel}","templated":true}]}}