{"id":8,"date":"2022-01-24T18:06:45","date_gmt":"2022-01-24T16:06:45","guid":{"rendered":"http:\/\/artemagazine.com\/?page_id=8"},"modified":"2023-09-05T18:47:28","modified_gmt":"2023-09-05T16:47:28","slug":"inici","status":"publish","type":"page","link":"https:\/\/artemagazine.com\/","title":{"rendered":"Inici"},"content":{"rendered":"\n<p>Arte Magazine \u00e9s una e-Ditorial especialitzada en e-consulting i creaci\u00f3 d&#8217;espais Web, Web 2.0 &amp; 3.0, NFT, etc&#8230;  <strong>Simplement&#8230; Des del 1.999!!  <\/strong><\/p>\n\n\n\n<p><br><strong>M\u00e9s de 50 clients satisfets amb la nostra manera de fer-los visibles a la xarxa d&#8217;Internet.<\/strong><\/p>\n\n\n\n<p><\/p>\n","protected":false},"excerpt":{"rendered":"<p>Arte Magazine \u00e9s una e-Ditorial especialitzada en e-consulting i creaci\u00f3 d&#8217;espais Web, Web 2.0 &amp; 3.0, NFT, etc&#8230; Simplement&#8230; Des del 1.999!! M\u00e9s de 50 clients satisfets amb la nostra manera de fer-los visibles a la xarxa d&#8217;Internet.<\/p>\n","protected":false},"author":1,"featured_media":64,"parent":0,"menu_order":0,"comment_status":"closed","ping_status":"closed","template":"","meta":{"om_disable_all_campaigns":false,"_monsterinsights_skip_tracking":false,"_monsterinsights_sitenote_active":false,"_monsterinsights_sitenote_note":"","_monsterinsights_sitenote_category":0,"footnotes":""},"aioseo_notices":[],"_links":{"self":[{"href":"https:\/\/artemagazine.com\/index.php\/wp-json\/wp\/v2\/pages\/8"}],"collection":[{"href":"https:\/\/artemagazine.com\/index.php\/wp-json\/wp\/v2\/pages"}],"about":[{"href":"https:\/\/artemagazine.com\/index.php\/wp-json\/wp\/v2\/types\/page"}],"author":[{"embeddable":true,"href":"https:\/\/artemagazine.com\/index.php\/wp-json\/wp\/v2\/users\/1"}],"replies":[{"embeddable":true,"href":"https:\/\/artemagazine.com\/index.php\/wp-json\/wp\/v2\/comments?post=8"}],"version-history":[{"count":7,"href":"https:\/\/artemagazine.com\/index.php\/wp-json\/wp\/v2\/pages\/8\/revisions"}],"predecessor-version":[{"id":94,"href":"https:\/\/artemagazine.com\/index.php\/wp-json\/wp\/v2\/pages\/8\/revisions\/94"}],"wp:featuredmedia":[{"embeddable":true,"href":"https:\/\/artemagazine.com\/index.php\/wp-json\/wp\/v2\/media\/64"}],"wp:attachment":[{"href":"https:\/\/artemagazine.com\/index.php\/wp-json\/wp\/v2\/media?parent=8"}],"curies":[{"name":"wp","href":"https:\/\/api.w.org\/{rel}","templated":true}]}}